{"id":449,"date":"2020-03-18T11:52:09","date_gmt":"2020-03-18T11:52:09","guid":{"rendered":"http:\/\/relaunch.cosphatec.com\/?page_id=449"},"modified":"2026-03-05T16:43:47","modified_gmt":"2026-03-05T15:43:47","slug":"notre-lettre-dinformation","status":"publish","type":"page","link":"https:\/\/cosphatec.com\/fr\/our-newsletter\/","title":{"rendered":"Bulletin d'information"},"content":{"rendered":"<div data-elementor-type=\"wp-page\" data-elementor-id=\"449\" class=\"elementor elementor-449\" data-elementor-post-type=\"page\">\n\t\t\t\t<div class=\"elementor-element elementor-element-19f3cbf e-flex e-con-boxed e-con e-parent\" data-id=\"19f3cbf\" data-element_type=\"container\" data-e-type=\"container\" data-settings=\"{&quot;background_background&quot;:&quot;classic&quot;}\">\n\t\t\t\t\t<div class=\"e-con-inner\">\n\t\t<div class=\"elementor-element elementor-element-07a8709 e-con-full e-flex e-con e-child\" data-id=\"07a8709\" data-element_type=\"container\" data-e-type=\"container\" data-settings=\"{&quot;background_background&quot;:&quot;classic&quot;}\">\n\t\t\t\t<div class=\"elementor-element elementor-element-c7304bc font73 elementor-widget elementor-widget-heading\" data-id=\"c7304bc\" data-element_type=\"widget\" data-e-type=\"widget\" data-widget_type=\"heading.default\">\n\t\t\t\t<div class=\"elementor-widget-container\">\n\t\t\t\t\t<h1 class=\"elementor-heading-title elementor-size-default\">Notre newsletter<br>\n<span>TOUJOURS \u00c0 LA PAGE<\/span><\/h1>\t\t\t\t<\/div>\n\t\t\t\t<\/div>\n\t\t\t\t<\/div>\n\t\t\t\t\t<\/div>\n\t\t\t\t<\/div>\n\t\t<div class=\"elementor-element elementor-element-5ceaa40 e-flex e-con-boxed e-con e-parent\" data-id=\"5ceaa40\" data-element_type=\"container\" data-e-type=\"container\">\n\t\t\t\t\t<div class=\"e-con-inner\">\n\t\t\t\t<div class=\"elementor-element elementor-element-9416b14 elementor-widget elementor-widget-text-editor\" data-id=\"9416b14\" data-element_type=\"widget\" data-e-type=\"widget\" data-widget_type=\"text-editor.default\">\n\t\t\t\t<div class=\"elementor-widget-container\">\n\t\t\t\t\t\t\t\t\t<p>\u00a0<\/p><p><span data-teams=\"true\">Inscrivez-vous \u00e0 notre newsletter et d\u00e9couvrez les derniers d\u00e9veloppements de Cosphatec. Notre newsletter vous informe sur les mati\u00e8res premi\u00e8res innovantes, les nouvelles formulations et les tendances actuelles dans l'industrie cosm\u00e9tique.<\/span><\/p><p>\u00a0<\/p>\t\t\t\t\t\t\t\t<\/div>\n\t\t\t\t<\/div>\n\t\t<div class=\"elementor-element elementor-element-8e4feb5 e-con-full e-flex e-con e-child\" data-id=\"8e4feb5\" data-element_type=\"container\" data-e-type=\"container\">\n\t\t\t\t<div class=\"elementor-element elementor-element-e56c4c3 elementor-widget-mobile__width-inherit elementor-widget elementor-widget-shortcode\" data-id=\"e56c4c3\" data-element_type=\"widget\" data-e-type=\"widget\" data-widget_type=\"shortcode.default\">\n\t\t\t\t<div class=\"elementor-widget-container\">\n\t\t\t\t\t\t\t<div class=\"elementor-shortcode\">                    <script type=\"text\/javascript\">\n                        var onloadSibCallback = function () {\n                            jQuery('.g-recaptcha').each(function (index, el) {\n                                grecaptcha.render(el, {\n                                    'sitekey': jQuery(el).attr('data-sitekey')\n                                });\n                            });\n                        };\n                    <\/script>\n\t\t\t\t\t                <script src=\"https:\/\/www.google.com\/recaptcha\/api.js?onload=onloadSibCallback&render=explicit\" async defer><\/script>\n\t\t\t\t\n\t\t\t<form id=\"sib_signup_form_7\" method=\"post\" class=\"sib_signup_form\" action=\"\">\n\t\t\t\t<div class=\"sib_loader\" style=\"display:none;\"><img\n\t\t\t\t\t\t\tsrc=\"https:\/\/cosphatec.com\/wp-includes\/images\/spinner.gif\" alt=\"loader\"><\/div>\n\t\t\t\t<input type=\"hidden\" name=\"sib_form_action\" value=\"subscribe_form_submit\">\n\t\t\t\t<input type=\"hidden\" name=\"sib_form_id\" value=\"7\">\n                <input type=\"hidden\" name=\"sib_form_alert_notice\" value=\"Bitte f\u00fcllen Sie dieses Feld aus.\">\n                <input type=\"hidden\" name=\"sib_form_invalid_email_notice\" value=\"Ihre E-Mail Adresse ist ung\u00fcltig.\">\n                <input type=\"hidden\" name=\"sib_security\" value=\"1ca60d87ad\">\n\t\t\t\t<div class=\"sib_signup_box_inside_7\">\n\t\t\t\t\t<div style=\"\/*display:none*\/\" class=\"sib_msg_disp\">\n\t\t\t\t\t<\/div>\n                    \t\t\t\t\t<p class=\"sib-email-area\"> \r\n    <label class=\"sib-email-area\">E-MAIL*<\/label> \r\n    <input type=\"email\" class=\"sib-email-area\" name=\"email\" placeholder=\"\" value=\"\" required=\"required\"> \r\n<\/p>\r\n<p class=\"sib-VORNAME-area\"> \r\n    <label class=\"sib-VORNAME-area\">PR\u00c9NOM*<\/label> \r\n    <input type=\"text\" class=\"sib-VORNAME-area\" name=\"VORNAME\" required=\"required\"> \r\n<\/p>\r\n<p class=\"sib-NACHNAME-area\"> \r\n    <label class=\"sib-NACHNAME-area\">NOM DE FAMILLE*<\/label> \r\n    <input type=\"text\" class=\"sib-NACHNAME-area\" name=\"NACHNAME\" required=\"required\"> \r\n<\/p>\r\n<p class=\"terms-field\">\r\n  <input type=\"checkbox\" name=\"terms\" required=\"required\" id=\"terms_form_3\">\r\n  <label for=\"terms_form_3\">J'accepte les <a href=\"https:\/\/cosphatec.com\/fr\/protection-des-donnees\/\">Politique de confidentialit\u00e9<\/a><\/label>\r\n<\/p>\r\n<div id=\"sib_captcha\" class=\"g-recaptcha\" data-sitekey=\"6LfhVaYpAAAAAF5NYD6wU5hCymBRLEZjh_Ov_GWH\"><\/div>\r\n<p> \r\n    <input type=\"submit\" class=\"sib-default-btn\" name=\"submit\" value=\"INSCRIVEZ-VOUS\"> \r\n<\/p>\r\n\t\t\t\t<\/div>\n\t\t\t<input type=\"hidden\" name=\"trp-form-language\" value=\"fr\"\/><\/form>\n\t\t\t<style>\n\t\t\t\tform#sib_signup_form_7 p.sib-alert-message {\n    padding: 6px 12px;\n    margin-bottom: 20px;\n    border: 1px solid transparent;\n    border-radius: 4px;\n    -webkit-box-sizing: border-box;\n    -moz-box-sizing: border-box;\n    box-sizing: border-box;\n}\nform#sib_signup_form_7 p.sib-alert-message-error {\n    background-color: #f2dede;\n    border-color: #ebccd1;\n    color: #a94442;\n}\nform#sib_signup_form_7 p.sib-alert-message-success {\n    background-color: #dff0d8;\n    border-color: #d6e9c6;\n    color: #3c763d;\n}\nform#sib_signup_form_7 p.sib-alert-message-warning {\n    background-color: #fcf8e3;\n    border-color: #faebcc;\n    color: #8a6d3b;\n}\n\t\t\t<\/style>\n\t\t\t<\/div>\n\t\t\t\t\t\t<\/div>\n\t\t\t\t<\/div>\n\t\t\t\t<\/div>\n\t\t\t\t<div class=\"elementor-element elementor-element-945d888 elementor-absolute sonnenBlume flower elementor-view-default elementor-widget elementor-widget-icon\" data-id=\"945d888\" data-element_type=\"widget\" data-e-type=\"widget\" data-settings=\"{&quot;_position&quot;:&quot;absolute&quot;}\" data-widget_type=\"icon.default\">\n\t\t\t\t<div class=\"elementor-widget-container\">\n\t\t\t\t\t\t\t<div class=\"elementor-icon-wrapper\">\n\t\t\t<div class=\"elementor-icon\">\n\t\t\t<svg xmlns=\"http:\/\/www.w3.org\/2000\/svg\" id=\"Content\" viewbox=\"0 0 120 15000\"><defs><style>.cls-1,.cls-2{fill:none;stroke:#000;stroke-width:0.75px;}.cls-1{stroke-miterlimit:10;}.cls-2{stroke-linejoin:round;}<\/style><\/defs><title>11FeuilleSurface de dessin 1<\/title><line class=\"cls-1\" x1=\"59.53\" y1=\"15000.14\" x2=\"59.53\" y2=\"26.64\"><\/line><polygon class=\"cls-2\" points=\"59.78 168.73 74.85 137.95 99.88 128.65 90.57 153.67 59.78 168.73\"><\/polygon><line class=\"cls-2\" x1=\"59.96\" y1=\"167.94\" x2=\"99.08\" y2=\"129.43\"><\/line><polygon class=\"cls-2\" points=\"59.78 168.73 29 153.67 20.04 129.02 44.72 137.95 59.78 168.73\"><\/polygon><line class=\"cls-2\" x1=\"59.33\" y1=\"167.94\" x2=\"20.48\" y2=\"129.43\"><\/line><polygon class=\"cls-2\" points=\"59.78 134.99 72.57 108.87 94 100.87 85.91 122.21 59.78 134.99\"><\/polygon><line class=\"cls-2\" x1=\"59.96\" y1=\"134.28\" x2=\"93.13\" y2=\"101.64\"><\/line><polygon class=\"cls-2\" points=\"59.78 134.99 33.66 122.21 25.42 100.49 47 108.87 59.78 134.99\"><\/polygon><line class=\"cls-2\" x1=\"59.58\" y1=\"134.41\" x2=\"26.43\" y2=\"101.64\"><\/line><polygon class=\"cls-2\" points=\"59.78 101.64 70.44 79.87 88.36 72.96 81.55 90.99 59.78 101.64\"><\/polygon><line class=\"cls-2\" x1=\"59.83\" y1=\"100.99\" x2=\"87.57\" y2=\"73.85\"><\/line><polygon class=\"cls-2\" points=\"59.78 101.64 38.01 90.99 31.3 72.96 49.13 79.87 59.78 101.64\"><\/polygon><line class=\"cls-2\" x1=\"59.71\" y1=\"100.99\" x2=\"31.99\" y2=\"73.85\"><\/line><polygon class=\"cls-2\" points=\"59.78 73.85 68.31 56.44 82.86 50.94 77.2 65.33 59.78 73.85\"><\/polygon><line class=\"cls-2\" x1=\"59.96\" y1=\"72.96\" x2=\"82.01\" y2=\"51.62\"><\/line><polygon class=\"cls-2\" points=\"59.78 73.85 42.37 65.33 36.81 50.81 51.26 56.44 59.78 73.85\"><\/polygon><line class=\"cls-2\" x1=\"59.33\" y1=\"73.09\" x2=\"37.55\" y2=\"51.62\"><\/line><polygon class=\"cls-2\" points=\"59.78 48.84 66.17 35.78 77.48 31.29 72.84 42.45 59.78 48.84\"><\/polygon><line class=\"cls-2\" x1=\"59.58\" y1=\"48.31\" x2=\"76.46\" y2=\"32.17\"><\/line><polygon class=\"cls-2\" points=\"59.78 48.84 46.72 42.45 42.19 31.41 53.39 35.78 59.78 48.84\"><\/polygon><line class=\"cls-2\" x1=\"59.33\" y1=\"48.31\" x2=\"43.11\" y2=\"32.17\"><\/line><polygon class=\"cls-2\" points=\"59.53 32.17 55.31 19.85 59.58 9.89 63.76 19.85 59.53 32.17\"><\/polygon><line class=\"cls-2\" x1=\"59.53\" y1=\"28.65\" x2=\"59.53\" y2=\"11.04\"><\/line><\/svg>\t\t\t<\/div>\n\t\t<\/div>\n\t\t\t\t\t\t<\/div>\n\t\t\t\t<\/div>\n\t\t\t\t<div class=\"elementor-element elementor-element-d3182ba elementor-absolute sonnenBlume rechts flower elementor-view-default elementor-widget elementor-widget-icon\" data-id=\"d3182ba\" data-element_type=\"widget\" data-e-type=\"widget\" data-settings=\"{&quot;_position&quot;:&quot;absolute&quot;}\" data-widget_type=\"icon.default\">\n\t\t\t\t<div class=\"elementor-widget-container\">\n\t\t\t\t\t\t\t<div class=\"elementor-icon-wrapper\">\n\t\t\t<div class=\"elementor-icon\">\n\t\t\t<svg xmlns=\"http:\/\/www.w3.org\/2000\/svg\" id=\"Content\" viewbox=\"0 0 120 15000\"><defs><style>.cls-1,.cls-2{fill:none;stroke:#000;stroke-width:0.75px;}.cls-1{stroke-miterlimit:10;}.cls-2{stroke-linejoin:round;}<\/style><\/defs><title>Bleuet<\/title><line class=\"cls-1\" x1=\"60.1\" y1=\"8192.2\" x2=\"60.1\" y2=\"44.8\"><\/line><g class=\"cls-2\"><path id=\"Path_270\" class=\"st1\" d=\"M59.7,40.3l-3.6-17.8l3.6-17.8l3.6,17.8L59.7,40.3z\"><\/path><path id=\"Path_271\" class=\"st1\" d=\"M59.7,43.8l0.9-17.2l7.8-15.3l-0.9,17.2L59.7,43.8z\"><\/path><path id=\"Path_272\" class=\"st1\" d=\"M59.7,43.8l4.5-14.9l10.7-11.4l-4.5,14.9L59.7,43.8z\"><\/path><path id=\"Path_273\" class=\"st1\" d=\"M59.7,43.8l12.5-3.5l12.5,3.6l-12.5,3.5L59.7,43.8z\"><\/path><path id=\"Path_274\" class=\"st1\" d=\"M59.7,43.8l10.7-10.2l14.2-4.1L73.9,39.8L59.7,43.8z\"><\/path><path id=\"Path_275\" class=\"st1\" d=\"M59.7,43.8l8.2-13.1l13.2-8.1l-8.2,13.1L59.7,43.8z\"><\/path><path id=\"Path_276\" class=\"st1\" d=\"M59.7,43.8l11.6-6.7l13.4,0.1L73.1,44L59.7,43.8z\"><\/path><path id=\"Path_277\" class=\"st1\" d=\"M59.7,43.8l13.4-0.1l11.6,6.8l-13.4,0.1L59.7,43.8z\"><\/path><path id=\"Path_278\" class=\"st1\" d=\"M59.7,44.8l11.9,2.8l8.3,8.9L68,53.7L59.7,44.8z\"><\/path><path id=\"Path_279\" class=\"st1\" d=\"M59.7,43.8l10.5,5.5l5.5,10.5l-10.5-5.5L59.7,43.8z\"><\/path><path id=\"Path_280\" class=\"st1\" d=\"M59.7,43.8l7.5,5.9l1.3,9.4L61,53.3L59.7,43.8z\"><\/path><path id=\"Path_281\" class=\"st1\" d=\"M60.3,43.8l-0.9-17.2l-7.8-15.3l0.9,17.2L60.3,43.8z\"><\/path><path id=\"Path_282\" class=\"st1\" d=\"M60.3,43.8l-4.5-14.9L45.1,17.5l4.5,14.9L60.3,43.8z\"><\/path><path id=\"Path_283\" class=\"st1\" d=\"M60.3,43.8l-12.5-3.5l-12.5,3.6l12.5,3.5L60.3,43.8z\"><\/path><path id=\"Path_284\" class=\"st1\" d=\"M60.3,43.8L49.7,33.6l-14.2-4.1l10.7,10.2L60.3,43.8z\"><\/path><path id=\"Path_285\" class=\"st1\" d=\"M60.3,43.8l-8.2-13.1l-13.2-8.1l8.2,13.1L60.3,43.8z\"><\/path><path id=\"Path_286\" class=\"st1\" d=\"M60.3,43.8l-11.6-6.7l-13.4,0.1L46.9,44L60.3,43.8z\"><\/path><path id=\"Path_287\" class=\"st1\" d=\"M60.3,43.8l-13.4-0.1l-11.6,6.8l13.4,0.1L60.3,43.8z\"><\/path><path id=\"Path_288\" class=\"st1\" d=\"M60.3,44.8l-11.9,2.8l-8.3,8.9L52,53.7L60.3,44.8z\"><\/path><path id=\"Path_289\" class=\"st1\" d=\"M60.3,43.8l-10.5,5.5l-5.5,10.5l10.5-5.5L60.3,43.8z\"><\/path><path id=\"Path_290\" class=\"st1\" d=\"M60.3,43.8l-7.5,5.9l-1.3,9.4l7.5-5.9L60.3,43.8z\"><\/path><\/g><\/svg>\t\t\t<\/div>\n\t\t<\/div>\n\t\t\t\t\t\t<\/div>\n\t\t\t\t<\/div>\n\t\t\t\t\t<\/div>\n\t\t\t\t<\/div>\n\t\t\t\t<\/div>","protected":false},"excerpt":{"rendered":"<p>Notre newsletter TOUJOURS UP TO DATE Inscrivez-vous \u00e0 notre newsletter et d\u00e9couvrez les derniers d\u00e9veloppements de Cosphatec. Notre newsletter vous informe sur les mati\u00e8res premi\u00e8res innovantes, les nouvelles formulations et les tendances actuelles dans l'industrie cosm\u00e9tique.   11FeuilleSurface de dessin 1 Bleuet<\/p>","protected":false},"author":1,"featured_media":0,"parent":0,"menu_order":25,"comment_status":"closed","ping_status":"closed","template":"legal-pages.php","meta":{"_acf_changed":false,"footnotes":""},"class_list":["post-449","page","type-page","status-publish","hentry"],"acf":[],"_links":{"self":[{"href":"https:\/\/cosphatec.com\/fr\/wp-json\/wp\/v2\/pages\/449","targetHints":{"allow":["GET"]}}],"collection":[{"href":"https:\/\/cosphatec.com\/fr\/wp-json\/wp\/v2\/pages"}],"about":[{"href":"https:\/\/cosphatec.com\/fr\/wp-json\/wp\/v2\/types\/page"}],"author":[{"embeddable":true,"href":"https:\/\/cosphatec.com\/fr\/wp-json\/wp\/v2\/users\/1"}],"replies":[{"embeddable":true,"href":"https:\/\/cosphatec.com\/fr\/wp-json\/wp\/v2\/comments?post=449"}],"version-history":[{"count":11,"href":"https:\/\/cosphatec.com\/fr\/wp-json\/wp\/v2\/pages\/449\/revisions"}],"predecessor-version":[{"id":20282,"href":"https:\/\/cosphatec.com\/fr\/wp-json\/wp\/v2\/pages\/449\/revisions\/20282"}],"wp:attachment":[{"href":"https:\/\/cosphatec.com\/fr\/wp-json\/wp\/v2\/media?parent=449"}],"curies":[{"name":"wp","href":"https:\/\/api.w.org\/{rel}","templated":true}]}}