{"id":19919,"date":"2026-03-04T21:17:41","date_gmt":"2026-03-04T20:17:41","guid":{"rendered":"https:\/\/cosphatec.com\/?page_id=19919"},"modified":"2026-03-04T21:24:48","modified_gmt":"2026-03-04T20:24:48","slug":"product-currently-not-available","status":"publish","type":"page","link":"https:\/\/cosphatec.com\/en\/produkt-aktuell-nicht-verfuegbar\/","title":{"rendered":"Product currently not available"},"content":{"rendered":"\t\t<div data-elementor-type=\"wp-page\" data-elementor-id=\"19919\" class=\"elementor elementor-19919\" data-elementor-post-type=\"page\">\n\t\t\t\t<div class=\"elementor-element elementor-element-1ac7dbc e-flex e-con-boxed e-con e-parent\" data-id=\"1ac7dbc\" data-element_type=\"container\" data-e-type=\"container\">\n\t\t\t\t\t<div class=\"e-con-inner\">\n\t\t\t\t<div class=\"elementor-element elementor-element-ee8e89a elementor-widget elementor-widget-heading\" data-id=\"ee8e89a\" data-element_type=\"widget\" data-e-type=\"widget\" data-widget_type=\"heading.default\">\n\t\t\t\t<div class=\"elementor-widget-container\">\n\t\t\t\t\t<h2 class=\"elementor-heading-title elementor-size-default\">Produkt nicht verf\u00fcgbar<\/h2>\t\t\t\t<\/div>\n\t\t\t\t<\/div>\n\t\t\t\t<div class=\"elementor-element elementor-element-014bf58 elementor-widget elementor-widget-text-editor\" data-id=\"014bf58\" data-element_type=\"widget\" data-e-type=\"widget\" data-widget_type=\"text-editor.default\">\n\t\t\t\t<div class=\"elementor-widget-container\">\n\t\t\t\t\t\t\t\t\t<p class=\"font-claude-response-body break-words whitespace-normal leading-[1.7]\">Dieses Produkt konnte nicht gefunden werden oder ist aktuell nicht verf\u00fcgbar.<\/p><p class=\"font-claude-response-body break-words whitespace-normal leading-[1.7]\">Bitte besuche unsere <a class=\"underline underline underline-offset-2 decoration-1 decoration-current\/40 hover:decoration-current focus:decoration-current\" href=\"https:\/\/cosphatec.com\/produkte\/\">Produkt\u00fcbersicht<\/a> f\u00fcr weitere Informationen oder <a class=\"underline underline underline-offset-2 decoration-1 decoration-current\/40 hover:decoration-current focus:decoration-current\" href=\"https:\/\/cosphatec.com\/kontakt\/\">kontaktiere uns<\/a> direkt \u2013 wir helfen dir gerne weiter.<\/p>\t\t\t\t\t\t\t\t<\/div>\n\t\t\t\t<\/div>\n\t\t\t\t\t<\/div>\n\t\t\t\t<\/div>\n\t\t\t\t<\/div>\n\t\t","protected":false},"excerpt":{"rendered":"<p>Produkt nicht verf\u00fcgbar Dieses Produkt konnte nicht gefunden werden oder ist aktuell nicht verf\u00fcgbar. Bitte besuche unsere Produkt\u00fcbersicht f\u00fcr weitere Informationen oder kontaktiere uns direkt \u2013 wir helfen dir gerne weiter.<\/p>","protected":false},"author":440,"featured_media":0,"parent":0,"menu_order":3,"comment_status":"closed","ping_status":"closed","template":"","meta":{"_acf_changed":false,"footnotes":""},"class_list":["post-19919","page","type-page","status-publish","hentry"],"acf":[],"_links":{"self":[{"href":"https:\/\/cosphatec.com\/en\/wp-json\/wp\/v2\/pages\/19919","targetHints":{"allow":["GET"]}}],"collection":[{"href":"https:\/\/cosphatec.com\/en\/wp-json\/wp\/v2\/pages"}],"about":[{"href":"https:\/\/cosphatec.com\/en\/wp-json\/wp\/v2\/types\/page"}],"author":[{"embeddable":true,"href":"https:\/\/cosphatec.com\/en\/wp-json\/wp\/v2\/users\/440"}],"replies":[{"embeddable":true,"href":"https:\/\/cosphatec.com\/en\/wp-json\/wp\/v2\/comments?post=19919"}],"version-history":[{"count":7,"href":"https:\/\/cosphatec.com\/en\/wp-json\/wp\/v2\/pages\/19919\/revisions"}],"predecessor-version":[{"id":19926,"href":"https:\/\/cosphatec.com\/en\/wp-json\/wp\/v2\/pages\/19919\/revisions\/19926"}],"wp:attachment":[{"href":"https:\/\/cosphatec.com\/en\/wp-json\/wp\/v2\/media?parent=19919"}],"curies":[{"name":"wp","href":"https:\/\/api.w.org\/{rel}","templated":true}]}}