{"id":11414,"date":"2024-03-15T17:10:47","date_gmt":"2024-03-15T16:10:47","guid":{"rendered":"https:\/\/cosphatec.com\/?page_id=11414"},"modified":"2026-04-10T12:24:19","modified_gmt":"2026-04-10T10:24:19","slug":"our-services","status":"publish","type":"page","link":"https:\/\/cosphatec.com\/en\/unsere-leistungen\/","title":{"rendered":"Our services"},"content":{"rendered":"\t\t<div data-elementor-type=\"wp-page\" data-elementor-id=\"11414\" class=\"elementor elementor-11414\" data-elementor-post-type=\"page\">\n\t\t\t\t<div class=\"elementor-element elementor-element-e87e51d e-con-full e-flex elementor-invisible e-con e-parent\" data-id=\"e87e51d\" data-element_type=\"container\" data-e-type=\"container\" data-settings=\"{&quot;background_background&quot;:&quot;classic&quot;,&quot;sticky&quot;:&quot;top&quot;,&quot;sticky_offset&quot;:100,&quot;animation&quot;:&quot;fadeIn&quot;,&quot;sticky_effects_offset&quot;:20,&quot;sticky_anchor_link_offset&quot;:20,&quot;sticky_on&quot;:[&quot;desktop&quot;,&quot;tablet&quot;,&quot;mobile&quot;]}\">\n\t\t\t\t<div class=\"elementor-element elementor-element-0e735b0 elementor-nav-menu__align-center elementor-nav-menu--dropdown-none submenu-style elementor-widget elementor-widget-nav-menu\" data-id=\"0e735b0\" data-element_type=\"widget\" data-e-type=\"widget\" data-settings=\"{&quot;layout&quot;:&quot;horizontal&quot;,&quot;submenu_icon&quot;:{&quot;value&quot;:&quot;&lt;svg aria-hidden=\\&quot;true\\&quot; class=\\&quot;e-font-icon-svg e-fas-caret-down\\&quot; viewBox=\\&quot;0 0 320 512\\&quot; xmlns=\\&quot;http:\\\/\\\/www.w3.org\\\/2000\\\/svg\\&quot;&gt;&lt;path d=\\&quot;M31.3 192h257.3c17.8 0 26.7 21.5 14.1 34.1L174.1 354.8c-7.8 7.8-20.5 7.8-28.3 0L17.2 226.1C4.6 213.5 13.5 192 31.3 192z\\&quot;&gt;&lt;\\\/path&gt;&lt;\\\/svg&gt;&quot;,&quot;library&quot;:&quot;fa-solid&quot;}}\" data-widget_type=\"nav-menu.default\">\n\t\t\t\t<div class=\"elementor-widget-container\">\n\t\t\t\t\t\t\t\t<nav aria-label=\"Men\u00fc\" class=\"elementor-nav-menu--main elementor-nav-menu__container elementor-nav-menu--layout-horizontal e--pointer-underline e--animation-fade\">\n\t\t\t\t<ul id=\"menu-1-0e735b0\" class=\"elementor-nav-menu\"><li class=\"menu-item menu-item-type-post_type menu-item-object-page menu-item-11700\"><a href=\"https:\/\/cosphatec.com\/en\/unsere-leistungen\/\" class=\"elementor-item\">Unsere Leistungen<\/a><\/li>\n<li class=\"menu-item menu-item-type-post_type menu-item-object-page menu-item-11699\"><a href=\"https:\/\/cosphatec.com\/en\/unsere-leistungen\/zertifierzungen\/\" class=\"elementor-item\">Zertifizierungen<\/a><\/li>\n<li class=\"menu-item menu-item-type-post_type menu-item-object-page menu-item-11698\"><a href=\"https:\/\/cosphatec.com\/en\/unsere-leistungen\/konservierungsbelastungstest\/\" class=\"elementor-item\">Konservierungsbelastungstest<\/a><\/li>\n<\/ul>\t\t\t<\/nav>\n\t\t\t\t\t\t<nav class=\"elementor-nav-menu--dropdown elementor-nav-menu__container\" aria-hidden=\"true\">\n\t\t\t\t<ul id=\"menu-2-0e735b0\" class=\"elementor-nav-menu\"><li class=\"menu-item menu-item-type-post_type menu-item-object-page menu-item-11700\"><a href=\"https:\/\/cosphatec.com\/en\/unsere-leistungen\/\" class=\"elementor-item\" tabindex=\"-1\">Unsere Leistungen<\/a><\/li>\n<li class=\"menu-item menu-item-type-post_type menu-item-object-page menu-item-11699\"><a href=\"https:\/\/cosphatec.com\/en\/unsere-leistungen\/zertifierzungen\/\" class=\"elementor-item\" tabindex=\"-1\">Zertifizierungen<\/a><\/li>\n<li class=\"menu-item menu-item-type-post_type menu-item-object-page menu-item-11698\"><a href=\"https:\/\/cosphatec.com\/en\/unsere-leistungen\/konservierungsbelastungstest\/\" class=\"elementor-item\" tabindex=\"-1\">Konservierungsbelastungstest<\/a><\/li>\n<\/ul>\t\t\t<\/nav>\n\t\t\t\t\t\t<\/div>\n\t\t\t\t<\/div>\n\t\t\t\t<\/div>\n\t\t<div class=\"elementor-element elementor-element-02a5914 breadcrumbcontainer e-flex e-con-boxed e-con e-parent\" data-id=\"02a5914\" data-element_type=\"container\" data-e-type=\"container\">\n\t\t\t\t\t<div class=\"e-con-inner\">\n\t\t\t\t<div class=\"elementor-element elementor-element-94730f9 elementor-widget elementor-widget-shortcode\" data-id=\"94730f9\" data-element_type=\"widget\" data-e-type=\"widget\" data-widget_type=\"shortcode.default\">\n\t\t\t\t<div class=\"elementor-widget-container\">\n\t\t\t\t\t\t\t<div class=\"elementor-shortcode\"><nav aria-label=\"breadcrumbs\" class=\"rank-math-breadcrumb\"><p><span class=\"last\">Home<\/span><\/p><\/nav><\/div>\n\t\t\t\t\t\t<\/div>\n\t\t\t\t<\/div>\n\t\t\t\t\t<\/div>\n\t\t\t\t<\/div>\n\t\t<div class=\"elementor-element elementor-element-c9fdbaf e-flex e-con-boxed e-con e-parent\" data-id=\"c9fdbaf\" data-element_type=\"container\" data-e-type=\"container\">\n\t\t\t\t\t<div class=\"e-con-inner\">\n\t\t\t\t<div class=\"elementor-element elementor-element-20ced55 elementor-widget elementor-widget-heading\" data-id=\"20ced55\" data-element_type=\"widget\" data-e-type=\"widget\" data-widget_type=\"heading.default\">\n\t\t\t\t<div class=\"elementor-widget-container\">\n\t\t\t\t\t<h1 class=\"elementor-heading-title elementor-size-default\">WOF\u00dcR UNSERE KUNDEN <br> <span>\nUNS SCH\u00c4TZEN<\/span><\/h1>\t\t\t\t<\/div>\n\t\t\t\t<\/div>\n\t\t\t\t<div class=\"elementor-element elementor-element-74c9793 elementor-widget elementor-widget-spacer\" data-id=\"74c9793\" data-element_type=\"widget\" data-e-type=\"widget\" data-widget_type=\"spacer.default\">\n\t\t\t\t<div class=\"elementor-widget-container\">\n\t\t\t\t\t\t\t<div class=\"elementor-spacer\">\n\t\t\t<div class=\"elementor-spacer-inner\"><\/div>\n\t\t<\/div>\n\t\t\t\t\t\t<\/div>\n\t\t\t\t<\/div>\n\t\t\t\t<div class=\"elementor-element elementor-element-582f341 elementor-widget elementor-widget-heading\" data-id=\"582f341\" data-element_type=\"widget\" data-e-type=\"widget\" data-widget_type=\"heading.default\">\n\t\t\t\t<div class=\"elementor-widget-container\">\n\t\t\t\t\t<h2 class=\"elementor-heading-title elementor-size-default\">Beratung<\/h2>\t\t\t\t<\/div>\n\t\t\t\t<\/div>\n\t\t\t\t<div class=\"elementor-element elementor-element-2e71fc0 elementor-widget elementor-widget-text-editor\" data-id=\"2e71fc0\" data-element_type=\"widget\" data-e-type=\"widget\" data-widget_type=\"text-editor.default\">\n\t\t\t\t<div class=\"elementor-widget-container\">\n\t\t\t\t\t\t\t\t\t<p>Um unseren Kunden von Beginn an die richtigen Rohstoffe liefern zu k\u00f6nnen, bieten unsere Fachleute aus Vertrieb und Service ausf\u00fchrliche Gespr\u00e4che an. Unser Ziel ist es, allen Kunden zu jeder Formulierung ganz individuell die passenden Rohstoffe zu empfehlen.<\/p><p>\u00a0<\/p><p>Dabei ber\u00fccksichtigen wir sowohl technische H\u00fcrden, etwa Wechselwirkungen mit anderen Inhaltsstoffen, als auch ideelle Anspr\u00fcche wie die Freiheit von Gentechnik oder tierischen Rohstoffen. So k\u00f6nnen wir f\u00fcr unsere Kunden ma\u00dfgeschneiderte, aufgabenorientierte L\u00f6sungen zur Gew\u00e4hrleistung der Formulierungsstabilit\u00e4t finden.<\/p>\t\t\t\t\t\t\t\t<\/div>\n\t\t\t\t<\/div>\n\t\t\t\t<div class=\"elementor-element elementor-element-f12c0b9 elementor-absolute sonnenBlume rechts flower elementor-view-default elementor-widget elementor-widget-icon\" data-id=\"f12c0b9\" data-element_type=\"widget\" data-e-type=\"widget\" data-settings=\"{&quot;_position&quot;:&quot;absolute&quot;}\" data-widget_type=\"icon.default\">\n\t\t\t\t<div class=\"elementor-widget-container\">\n\t\t\t\t\t\t\t<div class=\"elementor-icon-wrapper\">\n\t\t\t<div class=\"elementor-icon\">\n\t\t\t<svg xmlns=\"http:\/\/www.w3.org\/2000\/svg\" id=\"Content\" viewBox=\"0 0 120 1000\"><defs><style>.cls-1,.cls-2{fill:none;stroke:#000;stroke-width:0.75px;}.cls-1{stroke-linejoin:round;}.cls-2{stroke-miterlimit:10;}<\/style><\/defs><title>TeeZeichenfl\u00e4che 1<\/title><polygon class=\"cls-1\" points=\"59.75 98.8 96.04 79.27 110 48.57 79.29 62.52 59.75 98.8\"><\/polygon><line class=\"cls-1\" x1=\"59.75\" y1=\"98.8\" x2=\"109.99\" y2=\"48.56\"><\/line><polygon class=\"cls-1\" points=\"60.25 98.8 23.96 79.27 10 48.57 40.71 62.52 60.25 98.8\"><\/polygon><line class=\"cls-1\" x1=\"60.25\" y1=\"98.8\" x2=\"10.01\" y2=\"48.56\"><\/line><polyline class=\"cls-2\" points=\"60.15 990 60.15 59.75 50.3 23.27 60.15 10 70.2 23.27 60.15 59.75\"><\/polyline><\/svg>\t\t\t<\/div>\n\t\t<\/div>\n\t\t\t\t\t\t<\/div>\n\t\t\t\t<\/div>\n\t\t\t\t<div class=\"elementor-element elementor-element-bb050ec elementor-absolute sonnenBlume flower elementor-view-default elementor-widget elementor-widget-icon\" data-id=\"bb050ec\" data-element_type=\"widget\" data-e-type=\"widget\" data-settings=\"{&quot;_position&quot;:&quot;absolute&quot;}\" data-widget_type=\"icon.default\">\n\t\t\t\t<div class=\"elementor-widget-container\">\n\t\t\t\t\t\t\t<div class=\"elementor-icon-wrapper\">\n\t\t\t<div class=\"elementor-icon\">\n\t\t\t<svg xmlns=\"http:\/\/www.w3.org\/2000\/svg\" id=\"Content\" viewBox=\"0 0 120 15000\"><defs><style>.cls-1{fill:none;stroke:#000;stroke-linejoin:round;stroke-width:0.75px;}<\/style><\/defs><title>Lotus_2Zeichenfl\u00e4che 1<\/title><line class=\"cls-1\" x1=\"59.87\" y1=\"76.93\" x2=\"59.87\" y2=\"15000.89\"><\/line><path class=\"cls-1\" d=\"M73.31,45.29c0,19.44-13.44,35.19-13.44,35.19S46.44,64.73,46.44,45.29,59.87,10.1,59.87,10.1,73.31,25.86,73.31,45.29Z\"><\/path><path class=\"cls-1\" d=\"M34.81,70c13.84,0,25.06,10.5,25.06,10.5S48.65,91,34.81,91,9.75,80.54,9.75,80.54,21,70,34.81,70Z\"><\/path><path class=\"cls-1\" d=\"M39.92,89.44c7.87-8.25,19.95-9,19.95-9s-.68,12.66-8.55,20.9-19.95,9-19.95,9S32.05,97.68,39.92,89.44Z\"><\/path><path class=\"cls-1\" d=\"M79.83,89.44c-7.87-8.25-20-9-20-9s.68,12.66,8.55,20.9,20,9,20,9S87.7,97.68,79.83,89.44Z\"><\/path><path class=\"cls-1\" d=\"M84.93,70c-13.84,0-25.06,10.5-25.06,10.5S71.09,91,84.93,91,110,80.54,110,80.54,98.77,70,84.93,70Z\"><\/path><path class=\"cls-1\" d=\"M52.23,47.27c9.58,14.33,7.44,33.21,7.44,33.21S42,76.13,32.42,61.8,25,28.59,25,28.59,42.66,32.94,52.23,47.27Z\"><\/path><path class=\"cls-1\" d=\"M67.51,47.27c-9.57,14.33-7.43,33.21-7.43,33.21S77.75,76.13,87.33,61.8s7.43-33.21,7.43-33.21S77.09,32.94,67.51,47.27Z\"><\/path><\/svg>\t\t\t<\/div>\n\t\t<\/div>\n\t\t\t\t\t\t<\/div>\n\t\t\t\t<\/div>\n\t\t\t\t\t<\/div>\n\t\t\t\t<\/div>\n\t\t<div class=\"elementor-element elementor-element-9b94687 e-flex e-con-boxed e-con e-parent\" data-id=\"9b94687\" data-element_type=\"container\" data-e-type=\"container\" data-settings=\"{&quot;background_background&quot;:&quot;classic&quot;}\">\n\t\t\t\t\t<div class=\"e-con-inner\">\n\t\t\t\t<div class=\"elementor-element elementor-element-7a3fbcd elementor-widget elementor-widget-heading\" data-id=\"7a3fbcd\" data-element_type=\"widget\" data-e-type=\"widget\" data-widget_type=\"heading.default\">\n\t\t\t\t<div class=\"elementor-widget-container\">\n\t\t\t\t\t<h2 class=\"elementor-heading-title elementor-size-default\">Forschung und Entwicklung<\/h2>\t\t\t\t<\/div>\n\t\t\t\t<\/div>\n\t\t\t\t<div class=\"elementor-element elementor-element-7636112 elementor-widget elementor-widget-text-editor\" data-id=\"7636112\" data-element_type=\"widget\" data-e-type=\"widget\" data-widget_type=\"text-editor.default\">\n\t\t\t\t<div class=\"elementor-widget-container\">\n\t\t\t\t\t\t\t\t\t<p>Die Verantwortung den Menschen und der Umwelt gegen\u00fcber beginnt f\u00fcr uns schon bei der Entwicklung der Rohstoffe. Deshalb ist unsere Forschungs- und Entwicklungsabteilung permanent auf der Suche nach neuen Rohstoffen oder unentdeckten Funktionen bekannter Pflanzen. Auch die Weiterentwicklung bestehender Rohstoffe spornt uns an.<\/p><p>\u00a0<\/p><p>Das Ergebnis sind hochwertige Blends, die gleicherma\u00dfen herausragende Wirkungsgrade besitzen und effizient zu verarbeiten sind. Von der Natur inspiriert, erreichen wir so f\u00fcr unsere Kunden und Endverbraucher die bestm\u00f6glichen Ergebnisse.<\/p>\t\t\t\t\t\t\t\t<\/div>\n\t\t\t\t<\/div>\n\t\t\t\t\t<\/div>\n\t\t\t\t<\/div>\n\t\t<div class=\"elementor-element elementor-element-55a19f2 e-flex e-con-boxed e-con e-parent\" data-id=\"55a19f2\" data-element_type=\"container\" data-e-type=\"container\">\n\t\t\t\t\t<div class=\"e-con-inner\">\n\t\t\t\t<div class=\"elementor-element elementor-element-5a75cf7 elementor-widget elementor-widget-heading\" data-id=\"5a75cf7\" data-element_type=\"widget\" data-e-type=\"widget\" data-widget_type=\"heading.default\">\n\t\t\t\t<div class=\"elementor-widget-container\">\n\t\t\t\t\t<h2 class=\"elementor-heading-title elementor-size-default\">Labor<\/h2>\t\t\t\t<\/div>\n\t\t\t\t<\/div>\n\t\t\t\t<div class=\"elementor-element elementor-element-7df848e elementor-widget elementor-widget-text-editor\" data-id=\"7df848e\" data-element_type=\"widget\" data-e-type=\"widget\" data-widget_type=\"text-editor.default\">\n\t\t\t\t<div class=\"elementor-widget-container\">\n\t\t\t\t\t\t\t\t\t<p>Unser Laborteam ist in der Lage, f\u00fcr die Formulierungen unserer Kunden optimale Strategien f\u00fcr die antimikrobielle Stabilit\u00e4t zu erstellen. Da es keine allgemeing\u00fcltige Konservierung gibt, wird die Herangehensweise individuell an jede Formulierung angepasst. Unser Team arbeitet mit modernsten Methoden und ist f\u00fchrend auf diesem Gebiet. Nur so kann jede ma\u00dfgeschneiderte nat\u00fcrliche Konservierung die hohen Kundenanspr\u00fcche erf\u00fcllen.<\/p><p>\u00a0<\/p><p>Zum einen erstellen wir regelm\u00e4\u00dfig Rahmenformulierungen, von denen sich unsere Kunden inspirieren lassen. Dazu f\u00fchren wir umfassende Stabilit\u00e4tstests durch. Zum anderen unterst\u00fctzen wir unsere Kunden nachtr\u00e4glich bei der Stabilisierung ihrer Produkte \u2013 und beraten bei Bedarf mit unserer Expertise.<\/p>\t\t\t\t\t\t\t\t<\/div>\n\t\t\t\t<\/div>\n\t\t\t\t\t<\/div>\n\t\t\t\t<\/div>\n\t\t<div class=\"elementor-element elementor-element-d2e8287 e-flex e-con-boxed e-con e-parent\" data-id=\"d2e8287\" data-element_type=\"container\" data-e-type=\"container\">\n\t\t\t\t\t<div class=\"e-con-inner\">\n\t\t<div class=\"elementor-element elementor-element-f478df6 e-con-full e-flex e-con e-child\" data-id=\"f478df6\" data-element_type=\"container\" data-e-type=\"container\">\n\t\t\t\t<div class=\"elementor-element elementor-element-24fa260 elementor-absolute elementor-widget elementor-widget-image\" data-id=\"24fa260\" data-element_type=\"widget\" data-e-type=\"widget\" data-settings=\"{&quot;_position&quot;:&quot;absolute&quot;}\" data-widget_type=\"image.default\">\n\t\t\t\t<div class=\"elementor-widget-container\">\n\t\t\t\t\t\t\t\t\t\t\t\t\t\t\t<img decoding=\"async\" width=\"75\" height=\"75\" src=\"https:\/\/cosphatec.com\/wp-content\/uploads\/2025\/06\/Play-video.svg\" class=\"attachment-large size-large wp-image-14783\" alt=\"\" \/>\t\t\t\t\t\t\t\t\t\t\t\t\t\t\t<\/div>\n\t\t\t\t<\/div>\n\t\t\t\t<div class=\"elementor-element elementor-element-bf4696d elementor-widget elementor-widget-image\" data-id=\"bf4696d\" data-element_type=\"widget\" data-e-type=\"widget\" data-widget_type=\"image.default\">\n\t\t\t\t<div class=\"elementor-widget-container\">\n\t\t\t\t\t\t\t\t\t\t\t\t\t\t\t\t<a href=\"https:\/\/cosphatec.com\/stories\/anissaeure-anwendung\/\">\n\t\t\t\t\t\t\t<img fetchpriority=\"high\" decoding=\"async\" width=\"459\" height=\"300\" src=\"https:\/\/cosphatec.com\/wp-content\/uploads\/2021\/08\/\u00a9-Cosphatec-GmbH_Labor_Interaktion_2398.jpg\" class=\"attachment-large size-large wp-image-4247\" alt=\"\" srcset=\"https:\/\/cosphatec.com\/wp-content\/uploads\/2021\/08\/\u00a9-Cosphatec-GmbH_Labor_Interaktion_2398.jpg 459w, https:\/\/cosphatec.com\/wp-content\/uploads\/2021\/08\/\u00a9-Cosphatec-GmbH_Labor_Interaktion_2398-300x196.jpg 300w\" sizes=\"(max-width: 459px) 100vw, 459px\" \/>\t\t\t\t\t\t\t\t<\/a>\n\t\t\t\t\t\t\t\t\t\t\t\t\t\t\t<\/div>\n\t\t\t\t<\/div>\n\t\t\t\t<\/div>\n\t\t<div class=\"elementor-element elementor-element-f1e1e0d e-con-full e-flex e-con e-child\" data-id=\"f1e1e0d\" data-element_type=\"container\" data-e-type=\"container\">\n\t\t\t\t<div class=\"elementor-element elementor-element-6f31ae4 elementor-absolute elementor-widget elementor-widget-image\" data-id=\"6f31ae4\" data-element_type=\"widget\" data-e-type=\"widget\" data-settings=\"{&quot;_position&quot;:&quot;absolute&quot;}\" data-widget_type=\"image.default\">\n\t\t\t\t<div class=\"elementor-widget-container\">\n\t\t\t\t\t\t\t\t\t\t\t\t\t\t\t<img decoding=\"async\" width=\"75\" height=\"75\" src=\"https:\/\/cosphatec.com\/wp-content\/uploads\/2025\/06\/Play-video.svg\" class=\"attachment-large size-large wp-image-14783\" alt=\"\" \/>\t\t\t\t\t\t\t\t\t\t\t\t\t\t\t<\/div>\n\t\t\t\t<\/div>\n\t\t\t\t<div class=\"elementor-element elementor-element-6f672fe elementor-widget elementor-widget-image\" data-id=\"6f672fe\" data-element_type=\"widget\" data-e-type=\"widget\" data-widget_type=\"image.default\">\n\t\t\t\t<div class=\"elementor-widget-container\">\n\t\t\t\t\t\t\t\t\t\t\t\t\t\t\t\t<a href=\"https:\/\/cosphatec.com\/stories\/magnolia-extract-98-video-tutorial\/\">\n\t\t\t\t\t\t\t<img decoding=\"async\" width=\"459\" height=\"300\" src=\"https:\/\/cosphatec.com\/wp-content\/uploads\/2021\/08\/\u00a9-Cosphatec-GmbH_Labor_Interaktion_2450.jpg\" class=\"attachment-large size-large wp-image-4249\" alt=\"\" srcset=\"https:\/\/cosphatec.com\/wp-content\/uploads\/2021\/08\/\u00a9-Cosphatec-GmbH_Labor_Interaktion_2450.jpg 459w, https:\/\/cosphatec.com\/wp-content\/uploads\/2021\/08\/\u00a9-Cosphatec-GmbH_Labor_Interaktion_2450-300x196.jpg 300w\" sizes=\"(max-width: 459px) 100vw, 459px\" \/>\t\t\t\t\t\t\t\t<\/a>\n\t\t\t\t\t\t\t\t\t\t\t\t\t\t\t<\/div>\n\t\t\t\t<\/div>\n\t\t\t\t<\/div>\n\t\t\t\t\t<\/div>\n\t\t\t\t<\/div>\n\t\t<div class=\"elementor-element elementor-element-0235fba e-flex e-con-boxed e-con e-parent\" data-id=\"0235fba\" data-element_type=\"container\" data-e-type=\"container\">\n\t\t\t\t\t<div class=\"e-con-inner\">\n\t\t\t\t<div class=\"elementor-element elementor-element-219895f elementor-widget elementor-widget-heading\" data-id=\"219895f\" data-element_type=\"widget\" data-e-type=\"widget\" data-widget_type=\"heading.default\">\n\t\t\t\t<div class=\"elementor-widget-container\">\n\t\t\t\t\t<h2 class=\"elementor-heading-title elementor-size-default\">Stabilit\u00e4t sicherstellen<\/h2>\t\t\t\t<\/div>\n\t\t\t\t<\/div>\n\t\t\t\t<div class=\"elementor-element elementor-element-eadf7b9 elementor-widget elementor-widget-text-editor\" data-id=\"eadf7b9\" data-element_type=\"widget\" data-e-type=\"widget\" data-widget_type=\"text-editor.default\">\n\t\t\t\t<div class=\"elementor-widget-container\">\n\t\t\t\t\t\t\t\t\t<p>Mit unserem Konservierungsbelastungstest-Service bieten wir unseren Kunden einen umfassenden Pr\u00fcfungsservice zur Sicherung der Stabilit\u00e4t ihrer Formulierungen. Die Testmethode wird anhand der individuellen Anforderungen an die Formulierungen abgestimmt. Die gesamte Abwicklung des Konservierungsbelastungstests ist darauf ausgerichtet, unseren Kunden eine effiziente L\u00f6sung zu bieten, damit sie sich auf andere wichtige Aspekte Ihrer Produktentwicklung konzentrieren k\u00f6nnen.<\/p><p>\u00a0<\/p><p>Unser engagiertes Team von Experten steht unseren Kunden w\u00e4hrend des gesamten Prozesses zur Seite und unterst\u00fctzt bei der Auswertung der Ergebnisse sowie m\u00f6glichen Formulierungsanpassungen.<\/p>\t\t\t\t\t\t\t\t<\/div>\n\t\t\t\t<\/div>\n\t\t\t\t<div class=\"elementor-element elementor-element-541b3f3 elementor-widget elementor-widget-button\" data-id=\"541b3f3\" data-element_type=\"widget\" data-e-type=\"widget\" data-widget_type=\"button.default\">\n\t\t\t\t<div class=\"elementor-widget-container\">\n\t\t\t\t\t\t\t\t\t<div class=\"elementor-button-wrapper\">\n\t\t\t\t\t<a class=\"elementor-button elementor-button-link elementor-size-sm\" href=\"https:\/\/cosphatec.com\/unsere-leistungen\/konservierungsbelastungstest\/\">\n\t\t\t\t\t\t<span class=\"elementor-button-content-wrapper\">\n\t\t\t\t\t\t\t\t\t<span class=\"elementor-button-text\">Zum KBT-Service<\/span>\n\t\t\t\t\t<\/span>\n\t\t\t\t\t<\/a>\n\t\t\t\t<\/div>\n\t\t\t\t\t\t\t\t<\/div>\n\t\t\t\t<\/div>\n\t\t\t\t\t<\/div>\n\t\t\t\t<\/div>\n\t\t<div class=\"elementor-element elementor-element-95eace8 e-flex e-con-boxed e-con e-parent\" data-id=\"95eace8\" data-element_type=\"container\" data-e-type=\"container\" data-settings=\"{&quot;background_background&quot;:&quot;classic&quot;}\">\n\t\t\t\t\t<div class=\"e-con-inner\">\n\t\t\t\t<div class=\"elementor-element elementor-element-17c2b67 elementor-widget elementor-widget-heading\" data-id=\"17c2b67\" data-element_type=\"widget\" data-e-type=\"widget\" data-widget_type=\"heading.default\">\n\t\t\t\t<div class=\"elementor-widget-container\">\n\t\t\t\t\t<h2 class=\"elementor-heading-title elementor-size-default\">Qualit\u00e4tsmanagement Und Produktion<\/h2>\t\t\t\t<\/div>\n\t\t\t\t<\/div>\n\t\t\t\t<div class=\"elementor-element elementor-element-69ad73d elementor-widget elementor-widget-text-editor\" data-id=\"69ad73d\" data-element_type=\"widget\" data-e-type=\"widget\" data-widget_type=\"text-editor.default\">\n\t\t\t\t<div class=\"elementor-widget-container\">\n\t\t\t\t\t\t\t\t\t<p>Wir selbst, unsere Kunden und die Endverbraucher stellen hohe Qualit\u00e4tsanspr\u00fcche. Um diese zu erf\u00fcllen, unterliegen unsere internen wie externen Prozesse einer strengen Qualit\u00e4tskontrolle. Neben den Prozessen erfordern auch die Rohstoffe eine konstante \u00dcberwachung und \u00dcberpr\u00fcfung.<\/p><p>\u00a0<\/p><p>Der Umgang mit Naturprodukten erfordert dabei eine besondere Sensibilit\u00e4t. Denn nat\u00fcrliche Qualit\u00e4tsschwankungen sind v\u00f6llig normal. Die Kunst liegt darin, nat\u00fcrliche Qualit\u00e4tsschwankungen zu erkennen, diese auszugleichen und eine konstant hohe Qualit\u00e4t bei der Rohstoffproduktion zu gew\u00e4hrleisten. Stringentes Sourcing und sorgsame Kontrollen machen es m\u00f6glich.<\/p>\t\t\t\t\t\t\t\t<\/div>\n\t\t\t\t<\/div>\n\t\t\t\t\t<\/div>\n\t\t\t\t<\/div>\n\t\t<div class=\"elementor-element elementor-element-fa9135f e-flex e-con-boxed e-con e-parent\" data-id=\"fa9135f\" data-element_type=\"container\" data-e-type=\"container\">\n\t\t\t\t\t<div class=\"e-con-inner\">\n\t\t\t\t<div class=\"elementor-element elementor-element-e8b5d4f elementor-widget elementor-widget-heading\" data-id=\"e8b5d4f\" data-element_type=\"widget\" data-e-type=\"widget\" data-widget_type=\"heading.default\">\n\t\t\t\t<div class=\"elementor-widget-container\">\n\t\t\t\t\t<h2 class=\"elementor-heading-title elementor-size-default\">Regulatory<\/h2>\t\t\t\t<\/div>\n\t\t\t\t<\/div>\n\t\t\t\t<div class=\"elementor-element elementor-element-4f6eb6b elementor-widget elementor-widget-text-editor\" data-id=\"4f6eb6b\" data-element_type=\"widget\" data-e-type=\"widget\" data-widget_type=\"text-editor.default\">\n\t\t\t\t<div class=\"elementor-widget-container\">\n\t\t\t\t\t\t\t\t\t<p>Einerseits sichern wir uns mit internen Qualit\u00e4tsmanagement-Prozessen ab. Andererseits unterziehen wir uns regelm\u00e4\u00dfigen Kontrollen externer Zertifizierungsstellen. Dadurch k\u00f6nnen wir die Konformit\u00e4t unserer Produkte mit den Standards bekannter Siegel gew\u00e4hrleisten. Um die Zertifizierung von Endprodukten ma\u00dfgeblich zu erleichtern, stellen wir entsprechende Nachweise als Service zur Verf\u00fcgung.<br \/>Wir legen viel Wert darauf, s\u00e4mtliche Prozesse bei Einkauf, Produktion und Vertrieb regulatorisch zu begleiten. Dar\u00fcber hinaus stellen wir die sorgf\u00e4ltige Bearbeitung und Aktualisierung aller Produktdokumente sicher.<\/p>\t\t\t\t\t\t\t\t<\/div>\n\t\t\t\t<\/div>\n\t\t\t\t<div class=\"elementor-element elementor-element-63eaff8 elementor-widget elementor-widget-button\" data-id=\"63eaff8\" data-element_type=\"widget\" data-e-type=\"widget\" data-widget_type=\"button.default\">\n\t\t\t\t<div class=\"elementor-widget-container\">\n\t\t\t\t\t\t\t\t\t<div class=\"elementor-button-wrapper\">\n\t\t\t\t\t<a class=\"elementor-button elementor-button-link elementor-size-sm\" href=\"https:\/\/cosphatec.com\/unsere-leistungen\/zertifierzungen\/\">\n\t\t\t\t\t\t<span class=\"elementor-button-content-wrapper\">\n\t\t\t\t\t\t\t\t\t<span class=\"elementor-button-text\">Zertifizierungen<\/span>\n\t\t\t\t\t<\/span>\n\t\t\t\t\t<\/a>\n\t\t\t\t<\/div>\n\t\t\t\t\t\t\t\t<\/div>\n\t\t\t\t<\/div>\n\t\t\t\t\t<\/div>\n\t\t\t\t<\/div>\n\t\t\t\t<\/div>\n\t\t","protected":false},"excerpt":{"rendered":"<p>WOF\u00dcR UNSERE KUNDEN UNS SCH\u00c4TZEN Beratung Um unseren Kunden von Beginn an die richtigen Rohstoffe liefern zu k\u00f6nnen, bieten unsere Fachleute aus Vertrieb und Service ausf\u00fchrliche Gespr\u00e4che an. Unser Ziel ist es, allen Kunden zu jeder Formulierung ganz individuell die passenden Rohstoffe zu empfehlen. \u00a0 Dabei ber\u00fccksichtigen wir sowohl technische H\u00fcrden, etwa Wechselwirkungen mit anderen [&hellip;]<\/p>\n","protected":false},"author":232,"featured_media":1305,"parent":0,"menu_order":31,"comment_status":"closed","ping_status":"closed","template":"","meta":{"_acf_changed":false,"footnotes":""},"class_list":["post-11414","page","type-page","status-publish","has-post-thumbnail","hentry"],"acf":[],"_links":{"self":[{"href":"https:\/\/cosphatec.com\/en\/wp-json\/wp\/v2\/pages\/11414","targetHints":{"allow":["GET"]}}],"collection":[{"href":"https:\/\/cosphatec.com\/en\/wp-json\/wp\/v2\/pages"}],"about":[{"href":"https:\/\/cosphatec.com\/en\/wp-json\/wp\/v2\/types\/page"}],"author":[{"embeddable":true,"href":"https:\/\/cosphatec.com\/en\/wp-json\/wp\/v2\/users\/232"}],"replies":[{"embeddable":true,"href":"https:\/\/cosphatec.com\/en\/wp-json\/wp\/v2\/comments?post=11414"}],"version-history":[{"count":10,"href":"https:\/\/cosphatec.com\/en\/wp-json\/wp\/v2\/pages\/11414\/revisions"}],"predecessor-version":[{"id":20178,"href":"https:\/\/cosphatec.com\/en\/wp-json\/wp\/v2\/pages\/11414\/revisions\/20178"}],"wp:featuredmedia":[{"embeddable":true,"href":"https:\/\/cosphatec.com\/en\/wp-json\/wp\/v2\/media\/1305"}],"wp:attachment":[{"href":"https:\/\/cosphatec.com\/en\/wp-json\/wp\/v2\/media?parent=11414"}],"curies":[{"name":"wp","href":"https:\/\/api.w.org\/{rel}","templated":true}]}}